{"id":2,"date":"2014-07-05T08:27:06","date_gmt":"2014-07-05T08:27:06","guid":{"rendered":"http:\/\/selensauze.fr\/?page_id=2"},"modified":"2019-11-13T15:48:10","modified_gmt":"2019-11-13T14:48:10","slug":"page-d-exemple","status":"publish","type":"page","link":"http:\/\/www.selensauze.fr\/","title":{"rendered":"Accueil"},"content":{"rendered":"\r\n<p>Un syst\u00e8me d\u2019\u00e9change local  dans le village de Sauzet :  \u00ab\u00a0SEL en SAUZE\u00a0\u00bb. Cette association a pour buts, \u00a0par le biais d\u2019\u00e9change de services, de comp\u00e9tences, de savoirs, de biens entre particuliers, de promouvoir la solidarit\u00e9 locale, de retrouver les valeurs fondamentales o\u00f9 le lien humain est plus fort que le bien mat\u00e9riel, de favoriser les rencontres et les \u00e9changes et donc de limiter l\u2019isolement, de prot\u00e9ger l\u2019environnement en \u00e9vitant les gaspillages. Une monnaie virtuelle, la gousse, est utilis\u00e9e pour ces \u00e9changes.<\/p>\r\n\r\n\r\n\r\n<p><strong>Vous avez du temps, des savoirs, des comp\u00e9tences, des biens \u00e0 partager, vous avez besoin d\u2019une aide ponctuelle\u2026\u2026vous habitez Sauzet, St Marcel les Sauzet ou La Laupie, rejoignez-nous\u00a0!<\/strong><\/p>\r\n\r\n\r\n\r\n<p><strong>Pour nous contacter par courriel : selensauze@yahoo.fr<\/strong><\/p>\r\n\r\n\r\n\r\n<p><a href=\"http:\/\/selensauze.fr\/wp-content\/uploads\/2014\/07\/plaquette3.pdf\">plaquette de pr\u00e9sentation<\/a><\/p>\r\n\r\n","protected":false},"excerpt":{"rendered":"<p>Un syst\u00e8me d\u2019\u00e9change local dans le village de Sauzet : \u00ab\u00a0SEL en SAUZE\u00a0\u00bb. Cette association a pour buts, \u00a0par le biais d\u2019\u00e9change de services, de comp\u00e9tences, de savoirs, de biens entre particuliers, de promouvoir la solidarit\u00e9 locale, de retrouver les valeurs fondamentales o\u00f9 le lien humain est plus fort que le bien mat\u00e9riel, de favoriser [&hellip;]<\/p>\n","protected":false},"author":1,"featured_media":0,"parent":0,"menu_order":0,"comment_status":"closed","ping_status":"closed","template":"","meta":{"footnotes":""},"class_list":["post-2","page","type-page","status-publish","hentry"],"_links":{"self":[{"href":"http:\/\/www.selensauze.fr\/index.php?rest_route=\/wp\/v2\/pages\/2","targetHints":{"allow":["GET"]}}],"collection":[{"href":"http:\/\/www.selensauze.fr\/index.php?rest_route=\/wp\/v2\/pages"}],"about":[{"href":"http:\/\/www.selensauze.fr\/index.php?rest_route=\/wp\/v2\/types\/page"}],"author":[{"embeddable":true,"href":"http:\/\/www.selensauze.fr\/index.php?rest_route=\/wp\/v2\/users\/1"}],"replies":[{"embeddable":true,"href":"http:\/\/www.selensauze.fr\/index.php?rest_route=%2Fwp%2Fv2%2Fcomments&post=2"}],"version-history":[{"count":2,"href":"http:\/\/www.selensauze.fr\/index.php?rest_route=\/wp\/v2\/pages\/2\/revisions"}],"predecessor-version":[{"id":135,"href":"http:\/\/www.selensauze.fr\/index.php?rest_route=\/wp\/v2\/pages\/2\/revisions\/135"}],"wp:attachment":[{"href":"http:\/\/www.selensauze.fr\/index.php?rest_route=%2Fwp%2Fv2%2Fmedia&parent=2"}],"curies":[{"name":"wp","href":"https:\/\/api.w.org\/{rel}","templated":true}]}}